{"id":522,"date":"2015-07-01T13:34:15","date_gmt":"2015-07-01T13:34:15","guid":{"rendered":"https:\/\/www.clarabognaturereserve.ie\/naisc\/"},"modified":"2026-01-08T15:04:58","modified_gmt":"2026-01-08T15:04:58","slug":"naisc","status":"publish","type":"page","link":"https:\/\/www.clarabognaturereserve.ie\/ga\/naisc\/","title":{"rendered":"Naisc"},"content":{"rendered":"\n<h2 class=\"wp-block-heading\">Su\u00edomhanna eile de chuid na Seirbh\u00edse P\u00e1irceanna N\u00e1isi\u00fanta &amp; Fiadh\u00falra<\/h2>\n\n\n\n<ul class=\"wp-block-list\">\n<li><a href=\"http:\/\/www.npws.ie\">An tSeirbh\u00eds P\u00e1irceanna N\u00e1isi\u00fanta agus Fiadh\u00falra<\/a><\/li>\n\n\n\n<li><a href=\"http:\/\/www.ballycroynationalpark.ie\">Baile Chruaich, Contae Mhaigh Eo <\/a><\/li>\n\n\n\n<li><a href=\"http:\/\/www.burrennationalpark.ie\">P\u00e1irc N\u00e1isi\u00fanta Bhoirne <\/a><\/li>\n\n\n\n<li><a href=\"http:\/\/www.connemaranationalpark.ie\">P\u00e1irc N\u00e1isi\u00fanta Chonamara<\/a><\/li>\n\n\n\n<li><a href=\"http:\/\/www.coolepark.ie\">P\u00e1irc na C\u00faile, Co. na Gaillimhe <\/a><\/li>\n\n\n\n<li><a href=\"http:\/\/www.glengarriffnaturereserve.ie\">Anaclann D\u00falra an Ghleanna Ghairbh<\/a><\/li>\n\n\n\n<li><a href=\"http:\/\/www.glenveaghnationalpark.ie\">P\u00e1irc N\u00e1isi\u00fanta Ghleann Bheatha <\/a><\/li>\n\n\n\n<li><a href=\"http:\/\/www.killarneynationalpark.ie\">P\u00e1irc N\u00e1isi\u00fanta Chill Airne <\/a><\/li>\n\n\n\n<li><a href=\"http:\/\/www.wexfordwildfowlreserve.ie\">Anaclann \u00c9anlaithe Fi\u00e1ine Loch Garman<\/a><\/li>\n\n\n\n<li><a href=\"http:\/\/www.wicklowmountainsnationalpark.ie\">P\u00e1irc N\u00e1isi\u00fanta Shl\u00e9ibhte Chill Mhant\u00e1in<\/a><\/li>\n<\/ul>\n\n\n\n<div style=\"height:20px\" aria-hidden=\"true\" class=\"wp-block-spacer\"><\/div>\n\n\n\n<hr class=\"wp-block-separator has-text-color has-alpha-channel-opacity has-background\" style=\"background-color:#dcdcdc;color:#dcdcdc\"\/>\n\n\n\n<div style=\"height:20px\" aria-hidden=\"true\" class=\"wp-block-spacer\"><\/div>\n\n\n\n<h2 class=\"wp-block-heading\">Su\u00edomhanna Eile Fiadh\u00falra agus D\u00falra<\/h2>\n\n\n\n<ul class=\"wp-block-list\">\n<li><a href=\"http:\/\/www.biodiversityireland.ie\">An tIonad N\u00e1isi\u00fanta le Sonra\u00ed Bith\u00e9ags\u00falachta<\/a><\/li>\n\n\n\n<li><a href=\"http:\/\/www.heritagecouncil.ie\">An Chomhairle Oidhreachta <\/a><\/li>\n\n\n\n<li><a href=\"http:\/\/www.biology.ie\">Feasacht Bith\u00e9ags\u00falachta <\/a><\/li>\n\n\n\n<li><a href=\"http:\/\/www.birdwatchireland.ie\/\">Cairde \u00c9anlaith \u00c9ireann<\/a><\/li>\n\n\n\n<li><a href=\"http:\/\/www.antaisce.org\/\">An Taisce <\/a><\/li>\n\n\n\n<li><a href=\"http:\/\/www.ipcc.ie\/\">Comhairle Caomhnaithe Phortaigh na h\u00c9ireann<\/a><\/li>\n\n\n\n<li><a href=\"http:\/\/www.batconservationireland.org\/\">Caomhn\u00fa Ialt\u00f3g \u00c9ireann<\/a><\/li>\n\n\n\n<li><a href=\"http:\/\/www.irelandswildlife.com\/author\/calvin\/\">Ireland\u2019s Wildlife \u2013 Calvin Jones<\/a><\/li>\n\n\n\n<li><a href=\"http:\/\/www.iwt.ie\/\">Iontaobhas Fiadh\u00falra na h\u00c9ireann <\/a><\/li>\n\n\n\n<li><a href=\"http:\/\/www.lichens.ie\/\/\">Lichens of Ireland \u2013 Paul Whelan<\/a><\/li>\n\n\n\n<li><a href=\"http:\/\/treecouncil.ie\/\">Comhairle Crann na h\u00c9ireann<\/a><\/li>\n\n\n\n<li><a href=\"http:\/\/www.wildflowersofireland.net\/\">Wild Flowers of Ireland \u2013 Zoe Devlin<\/a><\/li>\n<\/ul>\n\n\n\n<div style=\"height:20px\" aria-hidden=\"true\" class=\"wp-block-spacer\"><\/div>\n\n\n\n<hr class=\"wp-block-separator has-text-color has-alpha-channel-opacity has-background\" style=\"background-color:#dcdcdc;color:#dcdcdc\"\/>\n\n\n\n<div style=\"height:20px\" aria-hidden=\"true\" class=\"wp-block-spacer\"><\/div>\n\n\n\n<h2 class=\"wp-block-heading\">Su\u00edomhanna Oideachais<\/h2>\n\n\n\n<ul class=\"wp-block-list\">\n<li><a href=\"http:\/\/www.primaryscience.ie\/\">Discover Primary Science<\/a><\/li>\n\n\n\n<li><a href=\"http:\/\/www.noticenature.ie\">D\u00fail sa D\u00falra <\/a><\/li>\n\n\n\n<li><a href=\"http:\/\/www.springalive.net\">Spring Alive<\/a><\/li>\n<\/ul>\n\n\n\n<div style=\"height:20px\" aria-hidden=\"true\" class=\"wp-block-spacer\"><\/div>\n\n\n\n<hr class=\"wp-block-separator has-text-color has-alpha-channel-opacity has-background\" style=\"background-color:#dcdcdc;color:#dcdcdc\"\/>\n\n\n\n<div style=\"height:20px\" aria-hidden=\"true\" class=\"wp-block-spacer\"><\/div>\n\n\n\n<h2 class=\"wp-block-heading\">D\u00edol sp\u00e9ise in aice l\u00e1imhe<\/h2>\n\n\n\n<ul class=\"wp-block-list\">\n<li><a href=\"http:\/\/www.loughboora.com\/\">P\u00e1irc Thaisc\u00e9ala\u00edochta Loch na Buara\u00ed<\/a><\/li>\n\n\n\n<li><a href=\"http:\/\/www.longfordtourism.ie\/see-do\/attractions\/corlea-trackway-visitor-centre\/\">Ionad Cuairteoir\u00ed Chonair Adhmaid an Chorr Liath <\/a><\/li>\n\n\n\n<li><a href=\"http:\/\/www.slievebloom.ie\/\">Sliabh Bladhma <\/a><\/li>\n\n\n\n<li><a href=\"http:\/\/www.heritageireland.ie\/en\/midlandseastcoast\/clonmacnoise\/\">Cluain Mhic N\u00f3is<\/a><\/li>\n\n\n\n<li><a href=\"http:\/\/www.longfordtourism.ie\/see-do\/attractions\/corlea-trackway-visitor-centre\/\">Ionad Cuairteoir\u00ed Chonair Adhmaid an Chorr Liath <\/a><\/li>\n\n\n\n<li><a href=\"http:\/\/www.birrcastle.com\/\">Gaird\u00edn\u00ed agus Ionad Eola\u00edochta Chaisle\u00e1n Bhiorra<\/a><\/li>\n\n\n\n<li><a href=\"http:\/\/www.heritageireland.ie\/en\/midlandseastcoast\/clonmacnoise\/\">Cluain Mhic N\u00f3is<\/a><\/li>\n\n\n\n<li><a href=\"http:\/\/www.longfordtourism.ie\/see-do\/attractions\/corlea-trackway-visitor-centre\/\">Ionad Cuairteoir\u00ed Chonair Adhmaid an Chorr Liath <\/a><\/li>\n\n\n\n<li><a href=\"http:\/\/www.birrcastle.com\/\">Gaird\u00edn\u00ed agus Ionad Eola\u00edochta Chaisle\u00e1n Bhiorra<\/a><\/li>\n\n\n\n<li><a href=\"http:\/\/www.belvedere-house.ie\/\">Teach agus Gaird\u00edn\u00ed Belvidere <\/a><\/li>\n\n\n\n<li><a href=\"http:\/\/www.discoverireland.ie\/Arts-Culture-Heritage\/athlone-castle-visitor-centre\/505\/\">Caisle\u00e1n Bhaile \u00c1tha Luain<\/a><\/li>\n\n\n\n<li><a href=\"http:\/\/www.tullamoredew.com\/\">Tullamore DEW<\/a><\/li>\n<\/ul>\n","protected":false},"excerpt":{"rendered":"<p>Su\u00edomhanna eile de chuid na Seirbh\u00edse P\u00e1irceanna N\u00e1isi\u00fanta &amp; Fiadh\u00falra Su\u00edomhanna Eile Fiadh\u00falra agus D\u00falra Su\u00edomhanna Oideachais D\u00edol sp\u00e9ise in aice l\u00e1imhe<\/p>\n","protected":false},"author":7,"featured_media":0,"parent":0,"menu_order":4,"comment_status":"closed","ping_status":"closed","template":"full-width.php","meta":{"footnotes":""},"class_list":["post-522","page","type-page","status-publish","hentry"],"yoast_head":"<!-- This site is optimized with the Yoast SEO plugin v27.6 - https:\/\/yoast.com\/product\/yoast-seo-wordpress\/ -->\n<title>Naisc - Anaclann D\u00falra Phortach Chl\u00f3irthigh<\/title>\n<meta name=\"robots\" content=\"index, follow, max-snippet:-1, max-image-preview:large, max-video-preview:-1\" \/>\n<link rel=\"canonical\" href=\"https:\/\/www.clarabognaturereserve.ie\/ga\/naisc\/\" \/>\n<meta property=\"og:locale\" content=\"ga_IE\" \/>\n<meta property=\"og:type\" content=\"article\" \/>\n<meta property=\"og:title\" content=\"Naisc - Anaclann D\u00falra Phortach Chl\u00f3irthigh\" \/>\n<meta property=\"og:description\" content=\"Su\u00edomhanna eile de chuid na Seirbh\u00edse P\u00e1irceanna N\u00e1isi\u00fanta &amp; Fiadh\u00falra Su\u00edomhanna Eile Fiadh\u00falra agus D\u00falra Su\u00edomhanna Oideachais D\u00edol sp\u00e9ise in aice l\u00e1imhe\" \/>\n<meta property=\"og:url\" content=\"https:\/\/www.clarabognaturereserve.ie\/ga\/naisc\/\" \/>\n<meta property=\"og:site_name\" content=\"Anaclann D\u00falra Phortach Chl\u00f3irthigh\" \/>\n<meta property=\"article:publisher\" content=\"https:\/\/www.facebook.com\/ClaraBog\" \/>\n<meta property=\"article:modified_time\" content=\"2026-01-08T15:04:58+00:00\" \/>\n<meta name=\"twitter:card\" content=\"summary_large_image\" \/>\n<meta name=\"twitter:site\" content=\"@DeptHousingIRL\" \/>\n<meta name=\"twitter:label1\" content=\"Est. reading time\" \/>\n\t<meta name=\"twitter:data1\" content=\"1 minute\" \/>\n<script type=\"application\/ld+json\" class=\"yoast-schema-graph\">{\"@context\":\"https:\\\/\\\/schema.org\",\"@graph\":[{\"@type\":\"WebPage\",\"@id\":\"https:\\\/\\\/www.clarabognaturereserve.ie\\\/ga\\\/naisc\\\/\",\"url\":\"https:\\\/\\\/www.clarabognaturereserve.ie\\\/ga\\\/naisc\\\/\",\"name\":\"Naisc - Anaclann D\u00falra Phortach Chl\u00f3irthigh\",\"isPartOf\":{\"@id\":\"https:\\\/\\\/www.clarabognaturereserve.ie\\\/ga\\\/#website\"},\"datePublished\":\"2015-07-01T13:34:15+00:00\",\"dateModified\":\"2026-01-08T15:04:58+00:00\",\"breadcrumb\":{\"@id\":\"https:\\\/\\\/www.clarabognaturereserve.ie\\\/ga\\\/naisc\\\/#breadcrumb\"},\"inLanguage\":\"ga-IE\",\"potentialAction\":[{\"@type\":\"ReadAction\",\"target\":[\"https:\\\/\\\/www.clarabognaturereserve.ie\\\/ga\\\/naisc\\\/\"]}]},{\"@type\":\"BreadcrumbList\",\"@id\":\"https:\\\/\\\/www.clarabognaturereserve.ie\\\/ga\\\/naisc\\\/#breadcrumb\",\"itemListElement\":[{\"@type\":\"ListItem\",\"position\":1,\"name\":\"Home\",\"item\":\"https:\\\/\\\/www.clarabognaturereserve.ie\\\/ga\\\/\"},{\"@type\":\"ListItem\",\"position\":2,\"name\":\"Naisc\"}]},{\"@type\":\"WebSite\",\"@id\":\"https:\\\/\\\/www.clarabognaturereserve.ie\\\/ga\\\/#website\",\"url\":\"https:\\\/\\\/www.clarabognaturereserve.ie\\\/ga\\\/\",\"name\":\"Anaclann D\u00falra Phortach Chl\u00f3irthigh\",\"description\":\"\",\"potentialAction\":[{\"@type\":\"SearchAction\",\"target\":{\"@type\":\"EntryPoint\",\"urlTemplate\":\"https:\\\/\\\/www.clarabognaturereserve.ie\\\/ga\\\/?s={search_term_string}\"},\"query-input\":{\"@type\":\"PropertyValueSpecification\",\"valueRequired\":true,\"valueName\":\"search_term_string\"}}],\"inLanguage\":\"ga-IE\"}]}<\/script>\n<!-- \/ Yoast SEO plugin. -->","yoast_head_json":{"title":"Naisc - Anaclann D\u00falra Phortach Chl\u00f3irthigh","robots":{"index":"index","follow":"follow","max-snippet":"max-snippet:-1","max-image-preview":"max-image-preview:large","max-video-preview":"max-video-preview:-1"},"canonical":"https:\/\/www.clarabognaturereserve.ie\/ga\/naisc\/","og_locale":"ga_IE","og_type":"article","og_title":"Naisc - Anaclann D\u00falra Phortach Chl\u00f3irthigh","og_description":"Su\u00edomhanna eile de chuid na Seirbh\u00edse P\u00e1irceanna N\u00e1isi\u00fanta &amp; Fiadh\u00falra Su\u00edomhanna Eile Fiadh\u00falra agus D\u00falra Su\u00edomhanna Oideachais D\u00edol sp\u00e9ise in aice l\u00e1imhe","og_url":"https:\/\/www.clarabognaturereserve.ie\/ga\/naisc\/","og_site_name":"Anaclann D\u00falra Phortach Chl\u00f3irthigh","article_publisher":"https:\/\/www.facebook.com\/ClaraBog","article_modified_time":"2026-01-08T15:04:58+00:00","twitter_card":"summary_large_image","twitter_site":"@DeptHousingIRL","twitter_misc":{"Est. reading time":"1 minute"},"schema":{"@context":"https:\/\/schema.org","@graph":[{"@type":"WebPage","@id":"https:\/\/www.clarabognaturereserve.ie\/ga\/naisc\/","url":"https:\/\/www.clarabognaturereserve.ie\/ga\/naisc\/","name":"Naisc - Anaclann D\u00falra Phortach Chl\u00f3irthigh","isPartOf":{"@id":"https:\/\/www.clarabognaturereserve.ie\/ga\/#website"},"datePublished":"2015-07-01T13:34:15+00:00","dateModified":"2026-01-08T15:04:58+00:00","breadcrumb":{"@id":"https:\/\/www.clarabognaturereserve.ie\/ga\/naisc\/#breadcrumb"},"inLanguage":"ga-IE","potentialAction":[{"@type":"ReadAction","target":["https:\/\/www.clarabognaturereserve.ie\/ga\/naisc\/"]}]},{"@type":"BreadcrumbList","@id":"https:\/\/www.clarabognaturereserve.ie\/ga\/naisc\/#breadcrumb","itemListElement":[{"@type":"ListItem","position":1,"name":"Home","item":"https:\/\/www.clarabognaturereserve.ie\/ga\/"},{"@type":"ListItem","position":2,"name":"Naisc"}]},{"@type":"WebSite","@id":"https:\/\/www.clarabognaturereserve.ie\/ga\/#website","url":"https:\/\/www.clarabognaturereserve.ie\/ga\/","name":"Anaclann D\u00falra Phortach Chl\u00f3irthigh","description":"","potentialAction":[{"@type":"SearchAction","target":{"@type":"EntryPoint","urlTemplate":"https:\/\/www.clarabognaturereserve.ie\/ga\/?s={search_term_string}"},"query-input":{"@type":"PropertyValueSpecification","valueRequired":true,"valueName":"search_term_string"}}],"inLanguage":"ga-IE"}]}},"jetpack_sharing_enabled":true,"_links":{"self":[{"href":"https:\/\/www.clarabognaturereserve.ie\/ga\/wp-json\/wp\/v2\/pages\/522","targetHints":{"allow":["GET"]}}],"collection":[{"href":"https:\/\/www.clarabognaturereserve.ie\/ga\/wp-json\/wp\/v2\/pages"}],"about":[{"href":"https:\/\/www.clarabognaturereserve.ie\/ga\/wp-json\/wp\/v2\/types\/page"}],"author":[{"embeddable":true,"href":"https:\/\/www.clarabognaturereserve.ie\/ga\/wp-json\/wp\/v2\/users\/7"}],"replies":[{"embeddable":true,"href":"https:\/\/www.clarabognaturereserve.ie\/ga\/wp-json\/wp\/v2\/comments?post=522"}],"version-history":[{"count":4,"href":"https:\/\/www.clarabognaturereserve.ie\/ga\/wp-json\/wp\/v2\/pages\/522\/revisions"}],"predecessor-version":[{"id":1289,"href":"https:\/\/www.clarabognaturereserve.ie\/ga\/wp-json\/wp\/v2\/pages\/522\/revisions\/1289"}],"wp:attachment":[{"href":"https:\/\/www.clarabognaturereserve.ie\/ga\/wp-json\/wp\/v2\/media?parent=522"}],"curies":[{"name":"wp","href":"https:\/\/api.w.org\/{rel}","templated":true}]}}