{"id":519,"date":"2015-02-03T15:54:58","date_gmt":"2015-02-03T15:54:58","guid":{"rendered":"https:\/\/www.clarabognaturereserve.ie\/caomhnu-agus-bainistiu\/"},"modified":"2023-09-20T08:25:31","modified_gmt":"2023-09-20T08:25:31","slug":"caomhnu-agus-bainistiu","status":"publish","type":"page","link":"https:\/\/www.clarabognaturereserve.ie\/ga\/caomhnu-agus-bainistiu\/","title":{"rendered":"Caomhn\u00fa agus Bainisti\u00fa"},"content":{"rendered":"\n<p>T\u00e1 dh\u00e1 thrian de Phortach Chl\u00f3irthigh f\u00e1gtha, agus aon trian den phortach sin caillte mar thoradh ar bhaint m\u00f3na. Nuair a t\u00f3gadh an b\u00f3thar \u00f3 Chl\u00f3irtheach go Raithean agus na draenacha a ghabhann leis, ag tos\u00fa ag deireadh an 18\u00fa haois, rinne an b\u00f3thar dh\u00e1 leath den phortach, rud a d&#8217;fh\u00e1g gur thug an portach faoi suas le s\u00e9 mh\u00e9adar. Creidtear go raibh cruth cruinneach\u00e1nach l\u00e1rnach ar an bportach, ach anois t\u00e1 dh\u00e1 chruinneach\u00e1n ann, ceann ar Phortach Chl\u00f3irthigh Thiar agus ceann ar Phortach Chl\u00f3irthigh Thoir. T\u00e1 s\u00e9 seo amhlaidh mar gheall ar thurnamh an phortaigh i dtreo an bh\u00f3thair ar an d\u00e1 thaobh. Sna 1980id\u00ed, tochla\u00edodh dl\u00fathghr\u00e9as\u00e1n de dhraenacha dromchla ar Phortach Chl\u00f3irthigh Thoir mar ullmh\u00fach\u00e1n do bhaint m\u00f3na ar bhonn tr\u00e1cht\u00e1la. N\u00edor tharla s\u00e9 sin riamh, agus t\u00e1 na draenacha sin bloc\u00e1ilte anois.<\/p>\n\n<p>T\u00e1 go leor oibre f\u00f3s le d\u00e9anamh chun an portach seo, at\u00e1 f\u00f3s ag triom\u00fa amach agus ag turnamh, a chaomhn\u00fa. T\u00e1 aird n\u00e1isi\u00fanta agus idirn\u00e1isi\u00fanta ar an bportach \u00f3 thaobh imscr\u00fad\u00fa eola\u00edochta le blianta fada. T\u00e1 tuiscint ar \u00e9icihidreola\u00edocht (staid\u00e9ar ar na hidirghn\u00edomha\u00edochta\u00ed idir \u00e9iceach\u00f3rais agus uisce) an phortaigh r\u00edth\u00e1bhachtach chun go mairfidh s\u00e9. Mar gheall gur ar uisce a mhaireann gach portach ardaithe, t\u00e1thar ag s\u00fail go gcabhr\u00f3idh an dianstaid\u00e9ar fadt\u00e9armach ar Phortach Chl\u00f3irthigh le portaigh ardaithe eile in \u00c9irinn, a bhfuil leas n\u00e1isi\u00fanta agus idirn\u00e1isi\u00fanta ag baint leo, a chaomhn\u00fa.<\/p>\n\n<p>Roghna\u00edodh portach Chl\u00f3irthigh mar cheann de na portaigh ar a n-oibreoidh foireann tionscadail \u2018<a href=\"http:\/\/raisedbogs.ie\/\">The Living Bog<\/a>&#8216;. Is \u00e9 aidhm an tionscadail seo n\u00e1 beocht a chur in athuair in dh\u00e1 cheann d\u00e9ag de limist\u00e9ir uath\u00fala phortaigh ardaithe na h\u00c9ireann faoi chosaint speisialta i seacht gcontae idir 2016\u20132020. Feabhs\u00f3idh obair athch\u00f3irithe ar na l\u00e1ithre\u00e1in <a href=\"http:\/\/ec.europa.eu\/environment\/nature\/natura2000\/index_en.htm\">Natura 2000<\/a> seo n\u00edos m\u00f3 n\u00e1 2,600 heicte\u00e1r de ghn\u00e1th\u00f3g phortaigh ardaithe at\u00e1 faoi bhagairt \u2013 arb ionann \u00e9 agus n\u00edos m\u00f3 n\u00e1 7,000 P\u00e1irc an Chr\u00f3caigh agus 18% den limist\u00e9ar ardphortaigh n\u00e1isi\u00fanta.<\/p>\n\n<p>Meastar gur cailleadh 99% den bhuncheantar de phortach ardaithe a bh\u00ed ag f\u00e1s go gn\u00edomhach in \u00c9irinn. Teasta\u00edonn an m\u00e9id bheag at\u00e1 f\u00e1gtha a athch\u00f3iri\u00fa agus a chaomhn\u00fa. A bhu\u00edochas don tionscadal c\u00faig bliana seo, at\u00e1 maoinithe ag Ciste D\u00falra agus Bith\u00e9ags\u00falacht <a href=\"http:\/\/ec.europa.eu\/environment\/life\/\" target=\"_blank\" rel=\"noopener\">LIFE de chuid an AE<\/a>, le c\u00fanamh <a href=\"http:\/\/www.ahrrga.gov.ie\/\" target=\"_blank\" rel=\"noopener\">\u00f3 Roinn Eala\u00edon, Oidhreachta, Gn\u00f3tha\u00ed R\u00e9igi\u00fanacha, Tuaithe agus Gaeltachta na h\u00c9ireann<\/a>, beidh an Portach Beo ina bheatha ar\u00eds\u2026<\/p>\n","protected":false},"excerpt":{"rendered":"<p>T\u00e1 dh\u00e1 thrian de Phortach Chl\u00f3irthigh f\u00e1gtha, agus aon trian den phortach sin caillte mar thoradh ar bhaint m\u00f3na. Nuair a t\u00f3gadh an b\u00f3thar \u00f3 Chl\u00f3irtheach go Raithean agus na draenacha a ghabhann leis, ag tos\u00fa ag deireadh an 18\u00fa haois, rinne an b\u00f3thar dh\u00e1 leath den phortach, rud a d&#8217;fh\u00e1g gur thug an portach&#8230; <\/p>\n","protected":false},"author":7,"featured_media":0,"parent":0,"menu_order":14,"comment_status":"closed","ping_status":"closed","template":"full-width.php","meta":{"footnotes":""},"class_list":["post-519","page","type-page","status-publish","hentry"],"yoast_head":"<!-- This site is optimized with the Yoast SEO plugin v27.4 - https:\/\/yoast.com\/product\/yoast-seo-wordpress\/ -->\n<title>Caomhn\u00fa agus Bainisti\u00fa - Anaclann D\u00falra Phortach Chl\u00f3irthigh<\/title>\n<meta name=\"robots\" content=\"index, follow, max-snippet:-1, max-image-preview:large, max-video-preview:-1\" \/>\n<link rel=\"canonical\" href=\"https:\/\/www.clarabognaturereserve.ie\/ga\/caomhnu-agus-bainistiu\/\" \/>\n<meta property=\"og:locale\" content=\"ga_IE\" \/>\n<meta property=\"og:type\" content=\"article\" \/>\n<meta property=\"og:title\" content=\"Caomhn\u00fa agus Bainisti\u00fa - Anaclann D\u00falra Phortach Chl\u00f3irthigh\" \/>\n<meta property=\"og:description\" content=\"T\u00e1 dh\u00e1 thrian de Phortach Chl\u00f3irthigh f\u00e1gtha, agus aon trian den phortach sin caillte mar thoradh ar bhaint m\u00f3na. Nuair a t\u00f3gadh an b\u00f3thar \u00f3 Chl\u00f3irtheach go Raithean agus na draenacha a ghabhann leis, ag tos\u00fa ag deireadh an 18\u00fa haois, rinne an b\u00f3thar dh\u00e1 leath den phortach, rud a d&#8217;fh\u00e1g gur thug an portach...\" \/>\n<meta property=\"og:url\" content=\"https:\/\/www.clarabognaturereserve.ie\/ga\/caomhnu-agus-bainistiu\/\" \/>\n<meta property=\"og:site_name\" content=\"Anaclann D\u00falra Phortach Chl\u00f3irthigh\" \/>\n<meta property=\"article:publisher\" content=\"https:\/\/www.facebook.com\/ClaraBog\" \/>\n<meta property=\"article:modified_time\" content=\"2023-09-20T08:25:31+00:00\" \/>\n<meta name=\"twitter:card\" content=\"summary_large_image\" \/>\n<meta name=\"twitter:site\" content=\"@DeptHousingIRL\" \/>\n<meta name=\"twitter:label1\" content=\"Est. reading time\" \/>\n\t<meta name=\"twitter:data1\" content=\"2 minutes\" \/>\n<script type=\"application\/ld+json\" class=\"yoast-schema-graph\">{\"@context\":\"https:\\\/\\\/schema.org\",\"@graph\":[{\"@type\":\"WebPage\",\"@id\":\"https:\\\/\\\/www.clarabognaturereserve.ie\\\/ga\\\/caomhnu-agus-bainistiu\\\/\",\"url\":\"https:\\\/\\\/www.clarabognaturereserve.ie\\\/ga\\\/caomhnu-agus-bainistiu\\\/\",\"name\":\"Caomhn\u00fa agus Bainisti\u00fa - Anaclann D\u00falra Phortach Chl\u00f3irthigh\",\"isPartOf\":{\"@id\":\"https:\\\/\\\/www.clarabognaturereserve.ie\\\/ga\\\/#website\"},\"datePublished\":\"2015-02-03T15:54:58+00:00\",\"dateModified\":\"2023-09-20T08:25:31+00:00\",\"breadcrumb\":{\"@id\":\"https:\\\/\\\/www.clarabognaturereserve.ie\\\/ga\\\/caomhnu-agus-bainistiu\\\/#breadcrumb\"},\"inLanguage\":\"ga-IE\",\"potentialAction\":[{\"@type\":\"ReadAction\",\"target\":[\"https:\\\/\\\/www.clarabognaturereserve.ie\\\/ga\\\/caomhnu-agus-bainistiu\\\/\"]}]},{\"@type\":\"BreadcrumbList\",\"@id\":\"https:\\\/\\\/www.clarabognaturereserve.ie\\\/ga\\\/caomhnu-agus-bainistiu\\\/#breadcrumb\",\"itemListElement\":[{\"@type\":\"ListItem\",\"position\":1,\"name\":\"Home\",\"item\":\"https:\\\/\\\/www.clarabognaturereserve.ie\\\/ga\\\/\"},{\"@type\":\"ListItem\",\"position\":2,\"name\":\"Caomhn\u00fa agus Bainisti\u00fa\"}]},{\"@type\":\"WebSite\",\"@id\":\"https:\\\/\\\/www.clarabognaturereserve.ie\\\/ga\\\/#website\",\"url\":\"https:\\\/\\\/www.clarabognaturereserve.ie\\\/ga\\\/\",\"name\":\"Anaclann D\u00falra Phortach Chl\u00f3irthigh\",\"description\":\"\",\"potentialAction\":[{\"@type\":\"SearchAction\",\"target\":{\"@type\":\"EntryPoint\",\"urlTemplate\":\"https:\\\/\\\/www.clarabognaturereserve.ie\\\/ga\\\/?s={search_term_string}\"},\"query-input\":{\"@type\":\"PropertyValueSpecification\",\"valueRequired\":true,\"valueName\":\"search_term_string\"}}],\"inLanguage\":\"ga-IE\"}]}<\/script>\n<!-- \/ Yoast SEO plugin. -->","yoast_head_json":{"title":"Caomhn\u00fa agus Bainisti\u00fa - Anaclann D\u00falra Phortach Chl\u00f3irthigh","robots":{"index":"index","follow":"follow","max-snippet":"max-snippet:-1","max-image-preview":"max-image-preview:large","max-video-preview":"max-video-preview:-1"},"canonical":"https:\/\/www.clarabognaturereserve.ie\/ga\/caomhnu-agus-bainistiu\/","og_locale":"ga_IE","og_type":"article","og_title":"Caomhn\u00fa agus Bainisti\u00fa - Anaclann D\u00falra Phortach Chl\u00f3irthigh","og_description":"T\u00e1 dh\u00e1 thrian de Phortach Chl\u00f3irthigh f\u00e1gtha, agus aon trian den phortach sin caillte mar thoradh ar bhaint m\u00f3na. Nuair a t\u00f3gadh an b\u00f3thar \u00f3 Chl\u00f3irtheach go Raithean agus na draenacha a ghabhann leis, ag tos\u00fa ag deireadh an 18\u00fa haois, rinne an b\u00f3thar dh\u00e1 leath den phortach, rud a d&#8217;fh\u00e1g gur thug an portach...","og_url":"https:\/\/www.clarabognaturereserve.ie\/ga\/caomhnu-agus-bainistiu\/","og_site_name":"Anaclann D\u00falra Phortach Chl\u00f3irthigh","article_publisher":"https:\/\/www.facebook.com\/ClaraBog","article_modified_time":"2023-09-20T08:25:31+00:00","twitter_card":"summary_large_image","twitter_site":"@DeptHousingIRL","twitter_misc":{"Est. reading time":"2 minutes"},"schema":{"@context":"https:\/\/schema.org","@graph":[{"@type":"WebPage","@id":"https:\/\/www.clarabognaturereserve.ie\/ga\/caomhnu-agus-bainistiu\/","url":"https:\/\/www.clarabognaturereserve.ie\/ga\/caomhnu-agus-bainistiu\/","name":"Caomhn\u00fa agus Bainisti\u00fa - Anaclann D\u00falra Phortach Chl\u00f3irthigh","isPartOf":{"@id":"https:\/\/www.clarabognaturereserve.ie\/ga\/#website"},"datePublished":"2015-02-03T15:54:58+00:00","dateModified":"2023-09-20T08:25:31+00:00","breadcrumb":{"@id":"https:\/\/www.clarabognaturereserve.ie\/ga\/caomhnu-agus-bainistiu\/#breadcrumb"},"inLanguage":"ga-IE","potentialAction":[{"@type":"ReadAction","target":["https:\/\/www.clarabognaturereserve.ie\/ga\/caomhnu-agus-bainistiu\/"]}]},{"@type":"BreadcrumbList","@id":"https:\/\/www.clarabognaturereserve.ie\/ga\/caomhnu-agus-bainistiu\/#breadcrumb","itemListElement":[{"@type":"ListItem","position":1,"name":"Home","item":"https:\/\/www.clarabognaturereserve.ie\/ga\/"},{"@type":"ListItem","position":2,"name":"Caomhn\u00fa agus Bainisti\u00fa"}]},{"@type":"WebSite","@id":"https:\/\/www.clarabognaturereserve.ie\/ga\/#website","url":"https:\/\/www.clarabognaturereserve.ie\/ga\/","name":"Anaclann D\u00falra Phortach Chl\u00f3irthigh","description":"","potentialAction":[{"@type":"SearchAction","target":{"@type":"EntryPoint","urlTemplate":"https:\/\/www.clarabognaturereserve.ie\/ga\/?s={search_term_string}"},"query-input":{"@type":"PropertyValueSpecification","valueRequired":true,"valueName":"search_term_string"}}],"inLanguage":"ga-IE"}]}},"jetpack_sharing_enabled":true,"_links":{"self":[{"href":"https:\/\/www.clarabognaturereserve.ie\/ga\/wp-json\/wp\/v2\/pages\/519","targetHints":{"allow":["GET"]}}],"collection":[{"href":"https:\/\/www.clarabognaturereserve.ie\/ga\/wp-json\/wp\/v2\/pages"}],"about":[{"href":"https:\/\/www.clarabognaturereserve.ie\/ga\/wp-json\/wp\/v2\/types\/page"}],"author":[{"embeddable":true,"href":"https:\/\/www.clarabognaturereserve.ie\/ga\/wp-json\/wp\/v2\/users\/7"}],"replies":[{"embeddable":true,"href":"https:\/\/www.clarabognaturereserve.ie\/ga\/wp-json\/wp\/v2\/comments?post=519"}],"version-history":[{"count":4,"href":"https:\/\/www.clarabognaturereserve.ie\/ga\/wp-json\/wp\/v2\/pages\/519\/revisions"}],"predecessor-version":[{"id":655,"href":"https:\/\/www.clarabognaturereserve.ie\/ga\/wp-json\/wp\/v2\/pages\/519\/revisions\/655"}],"wp:attachment":[{"href":"https:\/\/www.clarabognaturereserve.ie\/ga\/wp-json\/wp\/v2\/media?parent=519"}],"curies":[{"name":"wp","href":"https:\/\/api.w.org\/{rel}","templated":true}]}}