{"id":513,"date":"2015-06-30T15:11:46","date_gmt":"2015-06-30T15:11:46","guid":{"rendered":"https:\/\/www.clarabognaturereserve.ie\/eolas\/an-chaoi-a-gcruthaitear-portaigh\/"},"modified":"2024-08-09T11:11:40","modified_gmt":"2024-08-09T11:11:40","slug":"an-chaoi-a-gcruthaitear-portaigh","status":"publish","type":"page","link":"https:\/\/www.clarabognaturereserve.ie\/ga\/eolas\/an-chaoi-a-gcruthaitear-portaigh\/","title":{"rendered":"An chaoi a gcrutha\u00edtear portaigh"},"content":{"rendered":"\n<p>T\u00e1 tr\u00ed phr\u00edomhchatag\u00f3ir de thailte portaigh in \u00c9irinn: Eanaigh, Portaigh Ardaithe agus Bratphortaigh.<\/p>\n\n<h2 class=\"wp-block-heading\"><span style=\"font-stretch: normal; font-size: 7pt; line-height: normal; font-family: 'Times New Roman';\"> <\/span>Eanaigh<\/h2>\n\n<p>Ag deireadh na hOighearaoise deireana\u00ed thart ar 10,000 bliain \u00f3 shin, cuireadh t\u00fas le cruth\u00fa m\u00f3na in \u00c9irinn. Nuair a thosaigh an leath\u00e1n oighir ag le\u00e1 d&#8217;fh\u00e1g s\u00e9 iomair\u00ed gairbh\u00e9il ina dhiaidh. San \u00e1it a raibh an le\u00e1-uisce s\u00e1innithe, crutha\u00edodh lochanna tana\u00ed.<\/p>\n\n<p>D&#8217;fh\u00e1s planda\u00ed ar n\u00f3s giolcach feadh imeall na lochanna. De r\u00e9ir mar a fuair na planda\u00ed sin b\u00e1s, thosaigh siad ag lobhadh ag r\u00e1ta mall mar gheall ar an timpeallacht fhliuch. Tharla s\u00e9 seo go pr\u00edomha mar gheall ar easpa ocsaigine a chuir cosc ar dhianscaoileadh miocr\u00f3bach. Charn fu\u00edlleach na bplanda\u00ed ar ghrinneall an locha mar shraith m\u00f3na. Tugtar m\u00f3in eanaigh ar an m\u00f3in seo a thagann le ch\u00e9ile faoi bhun leibh\u00e9al an uisce. Le himeacht ama d&#8217;\u00e9irigh an tsraith m\u00f3na n\u00edos tibhe agus laghda\u00edodh limist\u00e9ar an uisce oscailte go m\u00f3r. Is screamhuisce an t-uisce a chuirtear isteach in eanach agus t\u00e1 s\u00e9 saibhir i mianra\u00ed. T\u00e1 roinnt eanach tar \u00e9is teacht chun cinn mar phortaigh ardaithe. Tarla\u00edonn an dul chun cinn seo thar na c\u00e9adta bliain de r\u00e9ir mar a iompa\u00edonn an mh\u00f3in agus an t-uisce \u00f3 dh\u00e1la\u00ed alcaileacha go d\u00e1la\u00ed aig\u00e9adacha. Meallann an t-athr\u00fa sna tosca aibitheacha seo pobal \u00e9ags\u00fail planda\u00ed agus ainmhithe. I gc\u00e1s gur d\u00e1la\u00ed a bhaineann le gn\u00e1th\u00f3g alcaileach is m\u00f3 at\u00e1 ann, is eanach \u00e9; i gc\u00e1s gur d\u00e1la\u00ed a bhaineann le gn\u00e1th\u00f3g aig\u00e9adach is m\u00f3 at\u00e1 ann, is portach ardaithe \u00e9.<\/p>\n<div class=\"wp-block-image\">\n<figure class=\"aligncenter size-large is-resized\"><img decoding=\"async\" src=\"https:\/\/www.clarabognaturereserve.ie\/wp-content\/uploads\/2015\/06\/Pollardstown-fen.resize-jpg-1024x576.jpg\" alt=\"Eanach Bhaile Phollaird\" class=\"wp-image-161\" style=\"width:581px\" width=\"581\" srcset=\"https:\/\/www.clarabognaturereserve.ie\/wp-content\/uploads\/2015\/06\/Pollardstown-fen.resize-jpg-1024x576.jpg 1024w, https:\/\/www.clarabognaturereserve.ie\/wp-content\/uploads\/2015\/06\/Pollardstown-fen.resize-jpg-300x169.jpg 300w, https:\/\/www.clarabognaturereserve.ie\/wp-content\/uploads\/2015\/06\/Pollardstown-fen.resize-jpg-768x432.jpg 768w\" sizes=\"(max-width: 1024px) 100vw, 1024px\" \/><figcaption class=\"wp-element-caption\">Eanach Bhaile Phollaird, Co. Chill Dara<\/figcaption><\/figure>\n<\/div>\n<h2 class=\"wp-block-heading\">Portaigh Ardaithe<\/h2>\n\n<p>Nuair a thosaigh planda\u00ed ag lobhadh ag imeall locha agus nuair a bh\u00ed coinn\u00edollacha ceart le go bhf\u00e9adfadh eanach m\u00f3na tos\u00fa teacht le ch\u00e9ile, thosaigh na lochanna ag laghd\u00fa i m\u00e9id de r\u00e9ir a ch\u00e9ile go mall. Lean an t-eanach air ag f\u00e1s agus le himeacht ama thosaigh gn\u00e1th\u00f3g phortaigh ardaithe ag teacht le ch\u00e9ile. Is \u00e9 an t-aon uisce a shol\u00e1thra\u00edtear chuig portach ardaithe n\u00e1 uisce b\u00e1ist\u00ed at\u00e1 an-\u00edseal i gcothaithigh.<\/p>\n\n<p>Tosa\u00edonn an caonach m\u00f3na at\u00e1 oiri\u00fanaithe chun f\u00e1s i nd\u00e1la\u00ed \u00edseal cothaitheach agus aig\u00e9adacha a bheith ina phlanda ceannasach. Is \u00e9 an planda seo an \u2018t\u00f3g\u00e1la\u00ed portaigh\u2019. D\u00e9anann s\u00e9 an portach n\u00edos aig\u00e9ada\u00ed tr\u00ed mheicn\u00edocht chasta mhalartaithe agus crutha\u00edonn s\u00e9 patr\u00fan saini\u00fail tul\u00f3g agus log ar dhromchla beo an phortaigh. Is substaint cos\u00fail le hithir \u00ed an mh\u00f3in at\u00e1 d\u00e9anta as fu\u00edlleach lofa de phlanda\u00ed marbha at\u00e1 carntha os cionn a ch\u00e9ile in \u00e1iteanna b\u00e1ite leis na m\u00edlte bliain. Is \u00e9ard at\u00e1 ann n\u00e1 caonach m\u00f3na chomh maith le fr\u00e9amhacha, duilleoga, bl\u00e1thanna agus s\u00edolta fraoigh, f\u00e9ar agus c\u00edbleach.<\/p>\n\n<p>Thosaigh Portach Chl\u00f3irthigh ag teacht le ch\u00e9ile thart ar 8000 \u2013 10,000 bliain \u00f3 shin nuair a l\u00edonadh an loch le sraith f\u00e1sra marbh a chruthaigh m\u00f3in eanaigh. Tharla s\u00e9 sin ag an am c\u00e9anna is ar thosaigh portaigh ardaithe ag teacht le ch\u00e9ile in \u00c9irinn. T\u00e1 me\u00e1ndoimhneacht m\u00f3na de 9 go 12 mh\u00e9adar ag portaigh ardaithe. T\u00e1 Portach Chl\u00f3irthigh 10 m\u00e9adar ar doimhneacht anois. Braitheann sraith 30 ceintim\u00e9adar de chaonach m\u00f3na beo gn\u00edomhach, ar bharr na m\u00f3na marbh, ar uisce b\u00e1ist\u00ed nach bhfuil m\u00f3r\u00e1n cothaithigh ann. Titeann thart ar 850 millim\u00e9adar b\u00e1ist\u00ed gach bliain.<\/p>\n<div class=\"wp-block-image\">\n<figure class=\"aligncenter size-large is-resized\"><img decoding=\"async\" src=\"https:\/\/www.clarabognaturereserve.ie\/wp-content\/uploads\/2015\/06\/139-1024x768.jpg\" alt=\"Phortach Chl&#xF3;irthigh\" class=\"wp-image-158\" style=\"width:581px\" width=\"581\" srcset=\"https:\/\/www.clarabognaturereserve.ie\/wp-content\/uploads\/2015\/06\/139-1024x768.jpg 1024w, https:\/\/www.clarabognaturereserve.ie\/wp-content\/uploads\/2015\/06\/139-300x225.jpg 300w, https:\/\/www.clarabognaturereserve.ie\/wp-content\/uploads\/2015\/06\/139-768x576.jpg 768w\" sizes=\"(max-width: 1024px) 100vw, 1024px\" \/><figcaption class=\"wp-element-caption\">Portach ardaithe i gCl\u00f3irtheach, Co. U\u00edbh Fhail\u00ed<\/figcaption><\/figure>\n<\/div>\n<h2 class=\"wp-block-heading\">Bratphortaigh<\/h2>\n\n<p>Lasmuigh den cheantar L\u00e1r T\u00edre, tugtar bratphortach ar fhormh\u00f3r na dtailte portaigh in \u00c9irinn, go h\u00e1irithe san Iarthar. Tagann siad le ch\u00e9ile i gceantair ina bhfuil an me\u00e1nmh\u00e9id b\u00e1ist\u00ed a thiteann go bliant\u00fail os cionn 1,200mm agus ina dtiteann an bh\u00e1isteach 235 l\u00e1 ar a laghad gach bliain. Thosaigh Bratphortaigh ag teacht le ch\u00e9ile thart ar 4,000 \u2013 7,000 bliain \u00f3 shin; t\u00e1 siad i bhfad n\u00edos \u00f3ige n\u00e1 portaigh ardaithe.<\/p>\n\n<p>Mar gheall ar ghlanadh crann sna ceantair seo, chomh maith leis an mb\u00e1isteach mh\u00f3r, shil mianra\u00ed ar n\u00f3s iarainn s\u00edos go dt\u00ed na sraitheanna ithreach n\u00edos \u00edsle. Charn na mianra\u00ed chun sraith neamhscagach a chruth\u00fa, ar a dtugtar cruachiseal iarainn. Tharla talamh b\u00e1ite mar gheall air sin agus bh\u00ed s\u00e9 sin fabhrach don chruth\u00fa m\u00f3na.<\/p>\n\n<p>Is \u00e9 1.2 \u2013 3 mh\u00e9adar an me\u00e1ndoimhneacht mh\u00f3na. T\u00e1 dh\u00e1 phr\u00edomhchine\u00e1l bratphortach ann. Crutha\u00edtear bratphortach \u00edsealchr\u00edche faoi bhun an chomhriain 152 m\u00e9adar. Crutha\u00edtear bratphortach sl\u00e9ibhe i gceantair os cionn an chomhriain 152 m\u00e9adar in iarthar na h\u00c9ireann agus i r\u00e9igi\u00fain shl\u00e9ibhte ar fud na t\u00edre, ar fh\u00e1na\u00ed suas le 20 c\u00e9im.<\/p>\n<div class=\"wp-block-image\">\n<figure class=\"aligncenter size-full\"><img loading=\"lazy\" decoding=\"async\" width=\"581\" height=\"276\" src=\"https:\/\/www.clarabognaturereserve.ie\/wp-content\/uploads\/2015\/06\/SB-mountainbogpool-581x276.jpg\" alt=\"Bratphortach\" class=\"wp-image-162\" srcset=\"https:\/\/www.clarabognaturereserve.ie\/wp-content\/uploads\/2015\/06\/SB-mountainbogpool-581x276.jpg 581w, https:\/\/www.clarabognaturereserve.ie\/wp-content\/uploads\/2015\/06\/SB-mountainbogpool-581x276-300x143.jpg 300w\" sizes=\"auto, (max-width: 581px) 100vw, 581px\" \/><figcaption class=\"wp-element-caption\">Bratphortach, Sliabh Bladhma, Co. Laoise<\/figcaption><\/figure>\n<\/div>","protected":false},"excerpt":{"rendered":"<p>T\u00e1 tr\u00ed phr\u00edomhchatag\u00f3ir de thailte portaigh in \u00c9irinn: Eanaigh, Portaigh Ardaithe agus Bratphortaigh. Eanaigh Ag deireadh na hOighearaoise deireana\u00ed thart ar 10,000 bliain \u00f3 shin, cuireadh t\u00fas le cruth\u00fa m\u00f3na in \u00c9irinn. Nuair a thosaigh an leath\u00e1n oighir ag le\u00e1 d&#8217;fh\u00e1g s\u00e9 iomair\u00ed gairbh\u00e9il ina dhiaidh. San \u00e1it a raibh an le\u00e1-uisce s\u00e1innithe, crutha\u00edodh lochanna&#8230; <\/p>\n","protected":false},"author":7,"featured_media":0,"parent":510,"menu_order":12,"comment_status":"closed","ping_status":"closed","template":"full-width.php","meta":{"footnotes":""},"class_list":["post-513","page","type-page","status-publish","hentry"],"yoast_head":"<!-- This site is optimized with the Yoast SEO plugin v27.3 - https:\/\/yoast.com\/product\/yoast-seo-wordpress\/ -->\n<title>An chaoi a gcrutha\u00edtear portaigh - Anaclann D\u00falra Phortach Chl\u00f3irthigh<\/title>\n<meta name=\"robots\" content=\"index, follow, max-snippet:-1, max-image-preview:large, max-video-preview:-1\" \/>\n<link rel=\"canonical\" href=\"https:\/\/www.clarabognaturereserve.ie\/ga\/eolas\/an-chaoi-a-gcruthaitear-portaigh\/\" \/>\n<meta property=\"og:locale\" content=\"ga_IE\" \/>\n<meta property=\"og:type\" content=\"article\" \/>\n<meta property=\"og:title\" content=\"An chaoi a gcrutha\u00edtear portaigh - Anaclann D\u00falra Phortach Chl\u00f3irthigh\" \/>\n<meta property=\"og:description\" content=\"T\u00e1 tr\u00ed phr\u00edomhchatag\u00f3ir de thailte portaigh in \u00c9irinn: Eanaigh, Portaigh Ardaithe agus Bratphortaigh. Eanaigh Ag deireadh na hOighearaoise deireana\u00ed thart ar 10,000 bliain \u00f3 shin, cuireadh t\u00fas le cruth\u00fa m\u00f3na in \u00c9irinn. Nuair a thosaigh an leath\u00e1n oighir ag le\u00e1 d&#8217;fh\u00e1g s\u00e9 iomair\u00ed gairbh\u00e9il ina dhiaidh. San \u00e1it a raibh an le\u00e1-uisce s\u00e1innithe, crutha\u00edodh lochanna...\" \/>\n<meta property=\"og:url\" content=\"https:\/\/www.clarabognaturereserve.ie\/ga\/eolas\/an-chaoi-a-gcruthaitear-portaigh\/\" \/>\n<meta property=\"og:site_name\" content=\"Anaclann D\u00falra Phortach Chl\u00f3irthigh\" \/>\n<meta property=\"article:publisher\" content=\"https:\/\/www.facebook.com\/ClaraBog\" \/>\n<meta property=\"article:modified_time\" content=\"2024-08-09T11:11:40+00:00\" \/>\n<meta property=\"og:image\" content=\"https:\/\/www.clarabognaturereserve.ie\/wp-content\/uploads\/2015\/06\/Pollardstown-fen.resize-jpg-1024x576.jpg\" \/>\n<meta name=\"twitter:card\" content=\"summary_large_image\" \/>\n<meta name=\"twitter:site\" content=\"@DeptHousingIRL\" \/>\n<meta name=\"twitter:label1\" content=\"Est. reading time\" \/>\n\t<meta name=\"twitter:data1\" content=\"4 minutes\" \/>\n<script type=\"application\/ld+json\" class=\"yoast-schema-graph\">{\"@context\":\"https:\\\/\\\/schema.org\",\"@graph\":[{\"@type\":\"WebPage\",\"@id\":\"https:\\\/\\\/www.clarabognaturereserve.ie\\\/ga\\\/eolas\\\/an-chaoi-a-gcruthaitear-portaigh\\\/\",\"url\":\"https:\\\/\\\/www.clarabognaturereserve.ie\\\/ga\\\/eolas\\\/an-chaoi-a-gcruthaitear-portaigh\\\/\",\"name\":\"An chaoi a gcrutha\u00edtear portaigh - Anaclann D\u00falra Phortach Chl\u00f3irthigh\",\"isPartOf\":{\"@id\":\"https:\\\/\\\/www.clarabognaturereserve.ie\\\/ga\\\/#website\"},\"primaryImageOfPage\":{\"@id\":\"https:\\\/\\\/www.clarabognaturereserve.ie\\\/ga\\\/eolas\\\/an-chaoi-a-gcruthaitear-portaigh\\\/#primaryimage\"},\"image\":{\"@id\":\"https:\\\/\\\/www.clarabognaturereserve.ie\\\/ga\\\/eolas\\\/an-chaoi-a-gcruthaitear-portaigh\\\/#primaryimage\"},\"thumbnailUrl\":\"https:\\\/\\\/www.clarabognaturereserve.ie\\\/wp-content\\\/uploads\\\/2015\\\/06\\\/Pollardstown-fen.resize-jpg-1024x576.jpg\",\"datePublished\":\"2015-06-30T15:11:46+00:00\",\"dateModified\":\"2024-08-09T11:11:40+00:00\",\"breadcrumb\":{\"@id\":\"https:\\\/\\\/www.clarabognaturereserve.ie\\\/ga\\\/eolas\\\/an-chaoi-a-gcruthaitear-portaigh\\\/#breadcrumb\"},\"inLanguage\":\"ga-IE\",\"potentialAction\":[{\"@type\":\"ReadAction\",\"target\":[\"https:\\\/\\\/www.clarabognaturereserve.ie\\\/ga\\\/eolas\\\/an-chaoi-a-gcruthaitear-portaigh\\\/\"]}]},{\"@type\":\"ImageObject\",\"inLanguage\":\"ga-IE\",\"@id\":\"https:\\\/\\\/www.clarabognaturereserve.ie\\\/ga\\\/eolas\\\/an-chaoi-a-gcruthaitear-portaigh\\\/#primaryimage\",\"url\":\"https:\\\/\\\/www.clarabognaturereserve.ie\\\/wp-content\\\/uploads\\\/2015\\\/06\\\/Pollardstown-fen.resize-jpg-1024x576.jpg\",\"contentUrl\":\"https:\\\/\\\/www.clarabognaturereserve.ie\\\/wp-content\\\/uploads\\\/2015\\\/06\\\/Pollardstown-fen.resize-jpg-1024x576.jpg\"},{\"@type\":\"BreadcrumbList\",\"@id\":\"https:\\\/\\\/www.clarabognaturereserve.ie\\\/ga\\\/eolas\\\/an-chaoi-a-gcruthaitear-portaigh\\\/#breadcrumb\",\"itemListElement\":[{\"@type\":\"ListItem\",\"position\":1,\"name\":\"Home\",\"item\":\"https:\\\/\\\/www.clarabognaturereserve.ie\\\/ga\\\/\"},{\"@type\":\"ListItem\",\"position\":2,\"name\":\"Eolas\",\"item\":\"https:\\\/\\\/www.clarabognaturereserve.ie\\\/ga\\\/eolas\\\/\"},{\"@type\":\"ListItem\",\"position\":3,\"name\":\"An chaoi a gcrutha\u00edtear portaigh\"}]},{\"@type\":\"WebSite\",\"@id\":\"https:\\\/\\\/www.clarabognaturereserve.ie\\\/ga\\\/#website\",\"url\":\"https:\\\/\\\/www.clarabognaturereserve.ie\\\/ga\\\/\",\"name\":\"Anaclann D\u00falra Phortach Chl\u00f3irthigh\",\"description\":\"\",\"potentialAction\":[{\"@type\":\"SearchAction\",\"target\":{\"@type\":\"EntryPoint\",\"urlTemplate\":\"https:\\\/\\\/www.clarabognaturereserve.ie\\\/ga\\\/?s={search_term_string}\"},\"query-input\":{\"@type\":\"PropertyValueSpecification\",\"valueRequired\":true,\"valueName\":\"search_term_string\"}}],\"inLanguage\":\"ga-IE\"}]}<\/script>\n<!-- \/ Yoast SEO plugin. -->","yoast_head_json":{"title":"An chaoi a gcrutha\u00edtear portaigh - Anaclann D\u00falra Phortach Chl\u00f3irthigh","robots":{"index":"index","follow":"follow","max-snippet":"max-snippet:-1","max-image-preview":"max-image-preview:large","max-video-preview":"max-video-preview:-1"},"canonical":"https:\/\/www.clarabognaturereserve.ie\/ga\/eolas\/an-chaoi-a-gcruthaitear-portaigh\/","og_locale":"ga_IE","og_type":"article","og_title":"An chaoi a gcrutha\u00edtear portaigh - Anaclann D\u00falra Phortach Chl\u00f3irthigh","og_description":"T\u00e1 tr\u00ed phr\u00edomhchatag\u00f3ir de thailte portaigh in \u00c9irinn: Eanaigh, Portaigh Ardaithe agus Bratphortaigh. Eanaigh Ag deireadh na hOighearaoise deireana\u00ed thart ar 10,000 bliain \u00f3 shin, cuireadh t\u00fas le cruth\u00fa m\u00f3na in \u00c9irinn. Nuair a thosaigh an leath\u00e1n oighir ag le\u00e1 d&#8217;fh\u00e1g s\u00e9 iomair\u00ed gairbh\u00e9il ina dhiaidh. San \u00e1it a raibh an le\u00e1-uisce s\u00e1innithe, crutha\u00edodh lochanna...","og_url":"https:\/\/www.clarabognaturereserve.ie\/ga\/eolas\/an-chaoi-a-gcruthaitear-portaigh\/","og_site_name":"Anaclann D\u00falra Phortach Chl\u00f3irthigh","article_publisher":"https:\/\/www.facebook.com\/ClaraBog","article_modified_time":"2024-08-09T11:11:40+00:00","og_image":[{"url":"https:\/\/www.clarabognaturereserve.ie\/wp-content\/uploads\/2015\/06\/Pollardstown-fen.resize-jpg-1024x576.jpg","type":"","width":"","height":""}],"twitter_card":"summary_large_image","twitter_site":"@DeptHousingIRL","twitter_misc":{"Est. reading time":"4 minutes"},"schema":{"@context":"https:\/\/schema.org","@graph":[{"@type":"WebPage","@id":"https:\/\/www.clarabognaturereserve.ie\/ga\/eolas\/an-chaoi-a-gcruthaitear-portaigh\/","url":"https:\/\/www.clarabognaturereserve.ie\/ga\/eolas\/an-chaoi-a-gcruthaitear-portaigh\/","name":"An chaoi a gcrutha\u00edtear portaigh - Anaclann D\u00falra Phortach Chl\u00f3irthigh","isPartOf":{"@id":"https:\/\/www.clarabognaturereserve.ie\/ga\/#website"},"primaryImageOfPage":{"@id":"https:\/\/www.clarabognaturereserve.ie\/ga\/eolas\/an-chaoi-a-gcruthaitear-portaigh\/#primaryimage"},"image":{"@id":"https:\/\/www.clarabognaturereserve.ie\/ga\/eolas\/an-chaoi-a-gcruthaitear-portaigh\/#primaryimage"},"thumbnailUrl":"https:\/\/www.clarabognaturereserve.ie\/wp-content\/uploads\/2015\/06\/Pollardstown-fen.resize-jpg-1024x576.jpg","datePublished":"2015-06-30T15:11:46+00:00","dateModified":"2024-08-09T11:11:40+00:00","breadcrumb":{"@id":"https:\/\/www.clarabognaturereserve.ie\/ga\/eolas\/an-chaoi-a-gcruthaitear-portaigh\/#breadcrumb"},"inLanguage":"ga-IE","potentialAction":[{"@type":"ReadAction","target":["https:\/\/www.clarabognaturereserve.ie\/ga\/eolas\/an-chaoi-a-gcruthaitear-portaigh\/"]}]},{"@type":"ImageObject","inLanguage":"ga-IE","@id":"https:\/\/www.clarabognaturereserve.ie\/ga\/eolas\/an-chaoi-a-gcruthaitear-portaigh\/#primaryimage","url":"https:\/\/www.clarabognaturereserve.ie\/wp-content\/uploads\/2015\/06\/Pollardstown-fen.resize-jpg-1024x576.jpg","contentUrl":"https:\/\/www.clarabognaturereserve.ie\/wp-content\/uploads\/2015\/06\/Pollardstown-fen.resize-jpg-1024x576.jpg"},{"@type":"BreadcrumbList","@id":"https:\/\/www.clarabognaturereserve.ie\/ga\/eolas\/an-chaoi-a-gcruthaitear-portaigh\/#breadcrumb","itemListElement":[{"@type":"ListItem","position":1,"name":"Home","item":"https:\/\/www.clarabognaturereserve.ie\/ga\/"},{"@type":"ListItem","position":2,"name":"Eolas","item":"https:\/\/www.clarabognaturereserve.ie\/ga\/eolas\/"},{"@type":"ListItem","position":3,"name":"An chaoi a gcrutha\u00edtear portaigh"}]},{"@type":"WebSite","@id":"https:\/\/www.clarabognaturereserve.ie\/ga\/#website","url":"https:\/\/www.clarabognaturereserve.ie\/ga\/","name":"Anaclann D\u00falra Phortach Chl\u00f3irthigh","description":"","potentialAction":[{"@type":"SearchAction","target":{"@type":"EntryPoint","urlTemplate":"https:\/\/www.clarabognaturereserve.ie\/ga\/?s={search_term_string}"},"query-input":{"@type":"PropertyValueSpecification","valueRequired":true,"valueName":"search_term_string"}}],"inLanguage":"ga-IE"}]}},"jetpack_sharing_enabled":true,"_links":{"self":[{"href":"https:\/\/www.clarabognaturereserve.ie\/ga\/wp-json\/wp\/v2\/pages\/513","targetHints":{"allow":["GET"]}}],"collection":[{"href":"https:\/\/www.clarabognaturereserve.ie\/ga\/wp-json\/wp\/v2\/pages"}],"about":[{"href":"https:\/\/www.clarabognaturereserve.ie\/ga\/wp-json\/wp\/v2\/types\/page"}],"author":[{"embeddable":true,"href":"https:\/\/www.clarabognaturereserve.ie\/ga\/wp-json\/wp\/v2\/users\/7"}],"replies":[{"embeddable":true,"href":"https:\/\/www.clarabognaturereserve.ie\/ga\/wp-json\/wp\/v2\/comments?post=513"}],"version-history":[{"count":4,"href":"https:\/\/www.clarabognaturereserve.ie\/ga\/wp-json\/wp\/v2\/pages\/513\/revisions"}],"predecessor-version":[{"id":669,"href":"https:\/\/www.clarabognaturereserve.ie\/ga\/wp-json\/wp\/v2\/pages\/513\/revisions\/669"}],"up":[{"embeddable":true,"href":"https:\/\/www.clarabognaturereserve.ie\/ga\/wp-json\/wp\/v2\/pages\/510"}],"wp:attachment":[{"href":"https:\/\/www.clarabognaturereserve.ie\/ga\/wp-json\/wp\/v2\/media?parent=513"}],"curies":[{"name":"wp","href":"https:\/\/api.w.org\/{rel}","templated":true}]}}